{"id":2,"date":"2016-05-10T03:48:21","date_gmt":"2016-05-10T03:48:21","guid":{"rendered":"http:\/\/wp452m.a10-52-158-154.qa.plesk.ru\/wordpress\/?page_id=2"},"modified":"2022-08-30T22:34:53","modified_gmt":"2022-08-30T22:34:53","slug":"sample-page","status":"publish","type":"page","link":"https:\/\/www.maideturkmutfagi.com\/","title":{"rendered":"&#8221; Geleneksel Lezzetin De\u011fi\u015fmez Adresi &#8220;"},"content":{"rendered":"<p>Geleneksel T\u00fcrk Mutfa\u011f\u0131n\u0131n&nbsp;en iyi temsilcileri aras\u0131nda kendine \u00f6zel bir yer edinen Maide T\u00fcrk Mutfa\u011f\u0131, y\u00f6resel yemekleri kendine \u00f6zg\u00fc pi\u015firme teknikleriyle sunarak sizlere sa\u011fl\u0131kl\u0131 ve lezzetli &nbsp;tatlar sunuyor.<\/p>\n<p>Toplam 500 ki\u015filik oturma kapasitesine sahip olan Maide T\u00fcrk Mutfa\u011f\u0131, 200 ki\u015filik a\u00e7\u0131k alan, 80 ki\u015filik Vip Salon, 20 ki\u015filik \u00f6zel localar\u0131 ile \u00f6\u011fle yeme\u011fi d\u0131\u015f\u0131nda organizasyonlar\u0131n\u0131z\u0131 ger\u00e7ekle\u015ftirebilece\u011finiz, toplant\u0131 yemekleri d\u00fczenleyebilece\u011finiz bir mekan olarak da \u00f6n plana \u00e7\u0131k\u0131yor.<\/p>\n<p>Birbirinden e\u015fsiz lezzetleri se\u00e7kin misafirlerine nezih bir ortamda sunan Maide T\u00fcrk Mutfa\u011f\u0131, sizleri bu ayr\u0131cal\u0131\u011f\u0131 ke\u015ffetmeye davet ediyor.<\/p>\n","protected":false},"excerpt":{"rendered":"<p>Geleneksel T\u00fcrk Mutfa\u011f\u0131n\u0131n&nbsp;en iyi temsilcileri aras\u0131nda kendine \u00f6zel bir yer edinen Maide T\u00fcrk Mutfa\u011f\u0131, y\u00f6resel yemekleri kendine \u00f6zg\u00fc pi\u015firme teknikleriyle sunarak sizlere sa\u011fl\u0131kl\u0131 ve lezzetli &nbsp;tatlar sunuyor. Toplam 500 ki\u015filik oturma kapasitesine sahip olan Maide T\u00fcrk Mutfa\u011f\u0131, 200 ki\u015filik a\u00e7\u0131k alan, 80 ki\u015filik Vip Salon, 20 ki\u015filik \u00f6zel localar\u0131 ile \u00f6\u011fle yeme\u011fi d\u0131\u015f\u0131nda organizasyonlar\u0131n\u0131z\u0131 ger\u00e7ekle\u015ftirebilece\u011finiz, &hellip; <\/p>\n<p class=\"link-more\"><a href=\"https:\/\/www.maideturkmutfagi.com\/\" class=\"more-link\">Okumaya devam et<span class=\"screen-reader-text\"> &#8220;&#8221; Geleneksel Lezzetin De\u011fi\u015fmez Adresi &#8220;&#8221;<\/span><\/a><\/p>\n","protected":false},"author":1,"featured_media":0,"parent":0,"menu_order":0,"comment_status":"closed","ping_status":"open","template":"","meta":{"footnotes":""},"class_list":["post-2","page","type-page","status-publish","hentry"],"_links":{"self":[{"href":"https:\/\/www.maideturkmutfagi.com\/index.php?rest_route=\/wp\/v2\/pages\/2","targetHints":{"allow":["GET"]}}],"collection":[{"href":"https:\/\/www.maideturkmutfagi.com\/index.php?rest_route=\/wp\/v2\/pages"}],"about":[{"href":"https:\/\/www.maideturkmutfagi.com\/index.php?rest_route=\/wp\/v2\/types\/page"}],"author":[{"embeddable":true,"href":"https:\/\/www.maideturkmutfagi.com\/index.php?rest_route=\/wp\/v2\/users\/1"}],"replies":[{"embeddable":true,"href":"https:\/\/www.maideturkmutfagi.com\/index.php?rest_route=%2Fwp%2Fv2%2Fcomments&post=2"}],"version-history":[{"count":7,"href":"https:\/\/www.maideturkmutfagi.com\/index.php?rest_route=\/wp\/v2\/pages\/2\/revisions"}],"predecessor-version":[{"id":34,"href":"https:\/\/www.maideturkmutfagi.com\/index.php?rest_route=\/wp\/v2\/pages\/2\/revisions\/34"}],"wp:attachment":[{"href":"https:\/\/www.maideturkmutfagi.com\/index.php?rest_route=%2Fwp%2Fv2%2Fmedia&parent=2"}],"curies":[{"name":"wp","href":"https:\/\/api.w.org\/{rel}","templated":true}]}}